{"id":191,"date":"2026-03-10T11:47:14","date_gmt":"2026-03-10T11:47:14","guid":{"rendered":"https:\/\/staging.classymade.de\/?page_id=191"},"modified":"2026-03-11T13:26:58","modified_gmt":"2026-03-11T13:26:58","slug":"impressum","status":"publish","type":"page","link":"https:\/\/staging.classymade.de\/index.php\/impressum\/","title":{"rendered":"Impressum"},"content":{"rendered":"\t\t<div data-elementor-type=\"wp-page\" data-elementor-id=\"191\" class=\"elementor elementor-191\" data-elementor-post-type=\"page\">\n\t\t\t\t<div class=\"elementor-element elementor-element-601ec8c e-flex e-con-boxed e-con e-parent\" data-id=\"601ec8c\" data-element_type=\"container\" data-e-type=\"container\">\n\t\t\t\t\t<div class=\"e-con-inner\">\n\t\t\t\t<div class=\"elementor-element elementor-element-44e1f93 e-full_width e-n-menu-layout-horizontal e-n-menu-tablet elementor-widget elementor-widget-n-menu\" data-id=\"44e1f93\" data-element_type=\"widget\" data-e-type=\"widget\" data-settings=\"{&quot;menu_items&quot;:[{&quot;item_title&quot;:&quot;Home&quot;,&quot;_id&quot;:&quot;588afc5&quot;,&quot;item_link&quot;:{&quot;url&quot;:&quot;https:\\\/\\\/staging.classymade.de\\\/&quot;,&quot;is_external&quot;:&quot;&quot;,&quot;nofollow&quot;:&quot;&quot;,&quot;custom_attributes&quot;:&quot;&quot;},&quot;item_dropdown_content&quot;:&quot;no&quot;,&quot;item_icon&quot;:{&quot;value&quot;:&quot;&quot;,&quot;library&quot;:&quot;&quot;},&quot;item_icon_active&quot;:null,&quot;element_id&quot;:&quot;&quot;}],&quot;item_position_horizontal&quot;:&quot;center&quot;,&quot;content_width&quot;:&quot;full_width&quot;,&quot;item_layout&quot;:&quot;horizontal&quot;,&quot;open_on&quot;:&quot;hover&quot;,&quot;horizontal_scroll&quot;:&quot;disable&quot;,&quot;breakpoint_selector&quot;:&quot;tablet&quot;,&quot;menu_item_title_distance_from_content&quot;:{&quot;unit&quot;:&quot;px&quot;,&quot;size&quot;:0,&quot;sizes&quot;:[]},&quot;menu_item_title_distance_from_content_tablet&quot;:{&quot;unit&quot;:&quot;px&quot;,&quot;size&quot;:&quot;&quot;,&quot;sizes&quot;:[]},&quot;menu_item_title_distance_from_content_mobile&quot;:{&quot;unit&quot;:&quot;px&quot;,&quot;size&quot;:&quot;&quot;,&quot;sizes&quot;:[]}}\" data-widget_type=\"mega-menu.default\">\n\t\t\t\t\t\t\t<nav class=\"e-n-menu\" data-widget-number=\"722\" aria-label=\"Menu\">\n\t\t\t\t\t<button class=\"e-n-menu-toggle\" id=\"menu-toggle-722\" aria-haspopup=\"true\" aria-expanded=\"false\" aria-controls=\"menubar-722\" aria-label=\"Menu Toggle\">\n\t\t\t<span class=\"e-n-menu-toggle-icon e-open\">\n\t\t\t\t<svg class=\"e-font-icon-svg e-eicon-menu-bar\" viewBox=\"0 0 1000 1000\" xmlns=\"http:\/\/www.w3.org\/2000\/svg\"><path d=\"M104 333H896C929 333 958 304 958 271S929 208 896 208H104C71 208 42 237 42 271S71 333 104 333ZM104 583H896C929 583 958 554 958 521S929 458 896 458H104C71 458 42 487 42 521S71 583 104 583ZM104 833H896C929 833 958 804 958 771S929 708 896 708H104C71 708 42 737 42 771S71 833 104 833Z\"><\/path><\/svg>\t\t\t<\/span>\n\t\t\t<span class=\"e-n-menu-toggle-icon e-close\">\n\t\t\t\t<svg class=\"e-font-icon-svg e-eicon-close\" viewBox=\"0 0 1000 1000\" xmlns=\"http:\/\/www.w3.org\/2000\/svg\"><path d=\"M742 167L500 408 258 167C246 154 233 150 217 150 196 150 179 158 167 167 154 179 150 196 150 212 150 229 154 242 171 254L408 500 167 742C138 771 138 800 167 829 196 858 225 858 254 829L496 587 738 829C750 842 767 846 783 846 800 846 817 842 829 829 842 817 846 804 846 783 846 767 842 750 829 737L588 500 833 258C863 229 863 200 833 171 804 137 775 137 742 167Z\"><\/path><\/svg>\t\t\t<\/span>\n\t\t<\/button>\n\t\t\t\t\t<div class=\"e-n-menu-wrapper\" id=\"menubar-722\" aria-labelledby=\"menu-toggle-722\">\n\t\t\t\t<ul class=\"e-n-menu-heading\">\n\t\t\t\t\t\t\t\t<li class=\"e-n-menu-item\">\n\t\t\t\t<div id=\"e-n-menu-title-7221\" class=\"e-n-menu-title\">\n\t\t\t\t\t<a class=\"e-n-menu-title-container e-focus e-link\" href=\"https:\/\/staging.classymade.de\/\">\t\t\t\t\t\t\t\t\t\t\t\t<span class=\"e-n-menu-title-text\">\n\t\t\t\t\t\t\tHome\t\t\t\t\t\t<\/span>\n\t\t\t\t\t<\/a>\t\t\t\t\t\t\t\t\t<\/div>\n\t\t\t\t\t\t\t<\/li>\n\t\t\t\t\t\t<\/ul>\n\t\t\t<\/div>\n\t\t<\/nav>\n\t\t\t\t\t\t<\/div>\n\t\t\t\t<div class=\"elementor-element elementor-element-fa93388 elementor-widget elementor-widget-heading\" data-id=\"fa93388\" data-element_type=\"widget\" data-e-type=\"widget\" data-widget_type=\"heading.default\">\n\t\t\t\t\t<h2 class=\"elementor-heading-title elementor-size-default\">Impressum<\/h2>\t\t\t\t<\/div>\n\t\t\t\t<div class=\"elementor-element elementor-element-2d179bb elementor-widget elementor-widget-text-editor\" data-id=\"2d179bb\" data-element_type=\"widget\" data-e-type=\"widget\" data-widget_type=\"text-editor.default\">\n\t\t\t\t\t\t\t\t\t<p class=\"chakra-text css-722v25\">Angaben gem\u00e4\u00df \u00a7 5 TMG:<\/p><p class=\"chakra-text css-rltemf\">Classymade GmbH <br \/>Zum Schwimmbad 44 <br \/>65232 Taunusstein<\/p><p class=\"chakra-text css-hcf2h3\">Vertreten durch:<\/p><p class=\"chakra-text css-rltemf\">Gesch\u00e4ftsf\u00fchrer Korhan Ekinci <br \/>Zum Schwimmbad 44 <br \/>65232 Taunusstein<\/p><p class=\"chakra-text css-1ayfwcb\">ClassyPlan Schuljahreskalender<\/p><p class=\"chakra-text css-rltemf\">Bei Fragen zu Lizenzen und Support zu ClassyPlan, dem Schuljahreskalender, k\u00f6nnen Sie sich vertrauensvoll an Ihre Untis Ansprechpartner wenden: <a class=\"chakra-link css-14xnhpj\" href=\"https:\/\/www.untis.at\/untis-partner\" target=\"_blank\" rel=\"noopener\">https:\/\/www.untis.at\/untis-partner<\/a><\/p><p class=\"chakra-text css-hcf2h3\">Kontakt:<\/p><p class=\"chakra-text css-rltemf\">Telefon: 06128\/8581494 <br \/>Telefax: 06128\/8581495 <br \/>E-Mail: <a class=\"chakra-link css-14xnhpj\" href=\"mailto:mail@classymade.de\">mail@classymade.de<\/a><\/p><p class=\"chakra-text css-hcf2h3\">Registereintrag:<\/p><p class=\"chakra-text css-rltemf\">Eintragung im Handelsregister. <br \/>Registergericht: Amtsgericht Wiesbaden <br \/>Registernummer: HRB 28791<\/p><p class=\"chakra-text css-hcf2h3\">Umsatzsteuer:<\/p><p class=\"chakra-text css-rltemf\">Umsatzsteuer-Identifikationsnummer gem\u00e4\u00df \u00a727 a Umsatzsteuergesetz: <br \/>DE303928344<\/p><p class=\"chakra-text css-hcf2h3\">Verantwortlich f\u00fcr den Inhalt nach \u00a7 55 Abs. 2 RStV:<\/p><p class=\"chakra-text css-rltemf\">Korhan Ekinci <br \/>Zum Schwimmbad 44 <br \/>65232 Taunusstein<\/p><p class=\"chakra-text css-hcf2h3\">Streitschlichtung:<\/p><p class=\"chakra-text css-rltemf\">Die Europ\u00e4ische Kommission stellt eine Plattform zur Online-Streitbeilegung (OS) bereit: <a class=\"chakra-link css-14xnhpj\" href=\"https:\/\/ec.europa.eu\/consumers\/odr\" target=\"_blank\" rel=\"noopener\">https:\/\/ec.europa.eu\/consumers\/odr<\/a>. <br \/>Unsere E-Mail-Adresse finden Sie oben im Impressum.<\/p><p class=\"chakra-text css-rltemf\">Wir sind nicht bereit oder verpflichtet, an Streitbeilegungsverfahren vor einer Verbraucherschlichtungsstelle teilzunehmen.<\/p><p class=\"chakra-text css-hcf2h3\">Haftung f\u00fcr Inhalte:<\/p><p class=\"chakra-text css-rltemf\">Als Diensteanbieter sind wir gem\u00e4\u00df \u00a7 7 Abs.1 TMG f\u00fcr eigene Inhalte auf diesen Seiten nach den allgemeinen Gesetzen verantwortlich. Nach \u00a7\u00a7 8 bis 10 TMG sind wir als Diensteanbieter jedoch nicht verpflichtet, \u00fcbermittelte oder gespeicherte fremde Informationen zu \u00fcberwachen oder nach Umst\u00e4nden zu forschen, die auf eine rechtswidrige T\u00e4tigkeit hinweisen.<\/p><p class=\"chakra-text css-rltemf\">Verpflichtungen zur Entfernung oder Sperrung der Nutzung von Informationen nach den allgemeinen Gesetzen bleiben hiervon unber\u00fchrt. Eine diesbez\u00fcgliche Haftung ist jedoch erst ab dem Zeitpunkt der Kenntnis einer konkreten Rechtsverletzung m\u00f6glich. Bei Bekanntwerden von entsprechenden Rechtsverletzungen werden wir diese Inhalte umgehend entfernen.<\/p><p class=\"chakra-text css-hcf2h3\">Haftung f\u00fcr Links:<\/p><p class=\"chakra-text css-rltemf\">Unser Angebot enth\u00e4lt Links zu externen Websites Dritter, auf deren Inhalte wir keinen Einfluss haben. Deshalb k\u00f6nnen wir f\u00fcr diese fremden Inhalte auch keine Gew\u00e4hr \u00fcbernehmen. F\u00fcr die Inhalte der verlinkten Seiten ist stets der jeweilige Anbieter oder Betreiber der Seiten verantwortlich. Die verlinkten Seiten wurden zum Zeitpunkt der Verlinkung auf m\u00f6gliche Rechtsverst\u00f6\u00dfe \u00fcberpr\u00fcft. Rechtswidrige Inhalte waren zum Zeitpunkt der Verlinkung nicht erkennbar.<\/p><p class=\"chakra-text css-rltemf\">Eine permanente inhaltliche Kontrolle der verlinkten Seiten ist jedoch ohne konkrete Anhaltspunkte einer Rechtsverletzung nicht zumutbar. Bei Bekanntwerden von Rechtsverletzungen werden wir derartige Links umgehend entfernen.<\/p><p class=\"chakra-text css-hcf2h3\">Urheberrecht:<\/p><p class=\"chakra-text css-rltemf\">Die durch die Seitenbetreiber erstellten Inhalte und Werke auf diesen Seiten unterliegen dem deutschen Urheberrecht. Die Vervielf\u00e4ltigung, Bearbeitung, Verbreitung und jede Art der Verwertung au\u00dferhalb der Grenzen des Urheberrechtes bed\u00fcrfen der schriftlichen Zustimmung des jeweiligen Autors bzw. Erstellers. Downloads und Kopien dieser Seite sind nur f\u00fcr den privaten, nicht kommerziellen Gebrauch gestattet.<\/p><p class=\"chakra-text css-rltemf\">Soweit die Inhalte auf dieser Seite nicht vom Betreiber erstellt wurden, werden die Urheberrechte Dritter beachtet. Insbesondere werden Inhalte Dritter als solche gekennzeichnet. Sollten Sie trotzdem auf eine Urheberrechtsverletzung aufmerksam werden, bitten wir um einen entsprechenden Hinweis. Bei Bekanntwerden von Rechtsverletzungen werden wir derartige Inhalte umgehend entfernen.<\/p>\t\t\t\t\t\t\t\t<\/div>\n\t\t\t\t\t<\/div>\n\t\t\t\t<\/div>\n\t\t\t\t<\/div>\n\t\t","protected":false},"excerpt":{"rendered":"<p>Home Impressum Angaben gem\u00e4\u00df \u00a7 5 TMG: Classymade GmbH Zum Schwimmbad 44 65232 Taunusstein Vertreten durch: Gesch\u00e4ftsf\u00fchrer Korhan Ekinci Zum Schwimmbad 44 65232 Taunusstein ClassyPlan Schuljahreskalender Bei Fragen zu Lizenzen und Support zu ClassyPlan, dem Schuljahreskalender, k\u00f6nnen Sie sich vertrauensvoll an Ihre Untis Ansprechpartner wenden: https:\/\/www.untis.at\/untis-partner Kontakt: Telefon: 06128\/8581494 Telefax: 06128\/8581495 E-Mail: mail@classymade.de Registereintrag: Eintragung &#8230; <a title=\"Impressum\" class=\"read-more\" href=\"https:\/\/staging.classymade.de\/index.php\/impressum\/\" aria-label=\"Mehr Informationen \u00fcber Impressum\">Weiterlesen<\/a><\/p>\n","protected":false},"author":2,"featured_media":0,"parent":0,"menu_order":0,"comment_status":"closed","ping_status":"closed","template":"","meta":{"footnotes":""},"class_list":["post-191","page","type-page","status-publish"],"yoast_head":"<!-- This site is optimized with the Yoast SEO plugin v27.4 - https:\/\/yoast.com\/product\/yoast-seo-wordpress\/ -->\n<title>Impressum - ClassyMade GmbH<\/title>\n<meta name=\"robots\" content=\"noindex, follow, max-snippet:-1, max-image-preview:large, max-video-preview:-1\" \/>\n<meta property=\"og:locale\" content=\"de_DE\" \/>\n<meta property=\"og:type\" content=\"article\" \/>\n<meta property=\"og:title\" content=\"Impressum - ClassyMade GmbH\" \/>\n<meta property=\"og:description\" content=\"Home Impressum Angaben gem\u00e4\u00df \u00a7 5 TMG: Classymade GmbH Zum Schwimmbad 44 65232 Taunusstein Vertreten durch: Gesch\u00e4ftsf\u00fchrer Korhan Ekinci Zum Schwimmbad 44 65232 Taunusstein ClassyPlan Schuljahreskalender Bei Fragen zu Lizenzen und Support zu ClassyPlan, dem Schuljahreskalender, k\u00f6nnen Sie sich vertrauensvoll an Ihre Untis Ansprechpartner wenden: https:\/\/www.untis.at\/untis-partner Kontakt: Telefon: 06128\/8581494 Telefax: 06128\/8581495 E-Mail: mail@classymade.de Registereintrag: Eintragung ... Weiterlesen\" \/>\n<meta property=\"og:url\" content=\"https:\/\/staging.classymade.de\/index.php\/impressum\/\" \/>\n<meta property=\"og:site_name\" content=\"ClassyMade GmbH\" \/>\n<meta property=\"article:modified_time\" content=\"2026-03-11T13:26:58+00:00\" \/>\n<meta name=\"twitter:card\" content=\"summary_large_image\" \/>\n<meta name=\"twitter:label1\" content=\"Gesch\u00e4tzte Lesezeit\" \/>\n\t<meta name=\"twitter:data1\" content=\"3\u00a0Minuten\" \/>\n<script type=\"application\/ld+json\" class=\"yoast-schema-graph\">{\"@context\":\"https:\\\/\\\/schema.org\",\"@graph\":[{\"@type\":\"WebPage\",\"@id\":\"https:\\\/\\\/staging.classymade.de\\\/index.php\\\/impressum\\\/\",\"url\":\"https:\\\/\\\/staging.classymade.de\\\/index.php\\\/impressum\\\/\",\"name\":\"Impressum - ClassyMade GmbH\",\"isPartOf\":{\"@id\":\"https:\\\/\\\/staging.classymade.de\\\/#website\"},\"datePublished\":\"2026-03-10T11:47:14+00:00\",\"dateModified\":\"2026-03-11T13:26:58+00:00\",\"breadcrumb\":{\"@id\":\"https:\\\/\\\/staging.classymade.de\\\/index.php\\\/impressum\\\/#breadcrumb\"},\"inLanguage\":\"de\",\"potentialAction\":[{\"@type\":\"ReadAction\",\"target\":[\"https:\\\/\\\/staging.classymade.de\\\/index.php\\\/impressum\\\/\"]}]},{\"@type\":\"BreadcrumbList\",\"@id\":\"https:\\\/\\\/staging.classymade.de\\\/index.php\\\/impressum\\\/#breadcrumb\",\"itemListElement\":[{\"@type\":\"ListItem\",\"position\":1,\"name\":\"Start\",\"item\":\"https:\\\/\\\/staging.classymade.de\\\/\"},{\"@type\":\"ListItem\",\"position\":2,\"name\":\"Impressum\"}]},{\"@type\":\"WebSite\",\"@id\":\"https:\\\/\\\/staging.classymade.de\\\/#website\",\"url\":\"https:\\\/\\\/staging.classymade.de\\\/\",\"name\":\"ClassyMade GmbH\",\"description\":\"\",\"publisher\":{\"@id\":\"https:\\\/\\\/staging.classymade.de\\\/#organization\"},\"potentialAction\":[{\"@type\":\"SearchAction\",\"target\":{\"@type\":\"EntryPoint\",\"urlTemplate\":\"https:\\\/\\\/staging.classymade.de\\\/?s={search_term_string}\"},\"query-input\":{\"@type\":\"PropertyValueSpecification\",\"valueRequired\":true,\"valueName\":\"search_term_string\"}}],\"inLanguage\":\"de\"},{\"@type\":\"Organization\",\"@id\":\"https:\\\/\\\/staging.classymade.de\\\/#organization\",\"name\":\"ClassyMade GmbH\",\"url\":\"https:\\\/\\\/staging.classymade.de\\\/\",\"logo\":{\"@type\":\"ImageObject\",\"inLanguage\":\"de\",\"@id\":\"https:\\\/\\\/staging.classymade.de\\\/#\\\/schema\\\/logo\\\/image\\\/\",\"url\":\"https:\\\/\\\/staging.classymade.de\\\/wp-content\\\/uploads\\\/2026\\\/01\\\/classymade_logo_transparent_light.png\",\"contentUrl\":\"https:\\\/\\\/staging.classymade.de\\\/wp-content\\\/uploads\\\/2026\\\/01\\\/classymade_logo_transparent_light.png\",\"width\":1247,\"height\":634,\"caption\":\"ClassyMade GmbH\"},\"image\":{\"@id\":\"https:\\\/\\\/staging.classymade.de\\\/#\\\/schema\\\/logo\\\/image\\\/\"}}]}<\/script>\n<!-- \/ Yoast SEO plugin. -->","yoast_head_json":{"title":"Impressum - ClassyMade GmbH","robots":{"index":"noindex","follow":"follow","max-snippet":"max-snippet:-1","max-image-preview":"max-image-preview:large","max-video-preview":"max-video-preview:-1"},"og_locale":"de_DE","og_type":"article","og_title":"Impressum - ClassyMade GmbH","og_description":"Home Impressum Angaben gem\u00e4\u00df \u00a7 5 TMG: Classymade GmbH Zum Schwimmbad 44 65232 Taunusstein Vertreten durch: Gesch\u00e4ftsf\u00fchrer Korhan Ekinci Zum Schwimmbad 44 65232 Taunusstein ClassyPlan Schuljahreskalender Bei Fragen zu Lizenzen und Support zu ClassyPlan, dem Schuljahreskalender, k\u00f6nnen Sie sich vertrauensvoll an Ihre Untis Ansprechpartner wenden: https:\/\/www.untis.at\/untis-partner Kontakt: Telefon: 06128\/8581494 Telefax: 06128\/8581495 E-Mail: mail@classymade.de Registereintrag: Eintragung ... Weiterlesen","og_url":"https:\/\/staging.classymade.de\/index.php\/impressum\/","og_site_name":"ClassyMade GmbH","article_modified_time":"2026-03-11T13:26:58+00:00","twitter_card":"summary_large_image","twitter_misc":{"Gesch\u00e4tzte Lesezeit":"3\u00a0Minuten"},"schema":{"@context":"https:\/\/schema.org","@graph":[{"@type":"WebPage","@id":"https:\/\/staging.classymade.de\/index.php\/impressum\/","url":"https:\/\/staging.classymade.de\/index.php\/impressum\/","name":"Impressum - ClassyMade GmbH","isPartOf":{"@id":"https:\/\/staging.classymade.de\/#website"},"datePublished":"2026-03-10T11:47:14+00:00","dateModified":"2026-03-11T13:26:58+00:00","breadcrumb":{"@id":"https:\/\/staging.classymade.de\/index.php\/impressum\/#breadcrumb"},"inLanguage":"de","potentialAction":[{"@type":"ReadAction","target":["https:\/\/staging.classymade.de\/index.php\/impressum\/"]}]},{"@type":"BreadcrumbList","@id":"https:\/\/staging.classymade.de\/index.php\/impressum\/#breadcrumb","itemListElement":[{"@type":"ListItem","position":1,"name":"Start","item":"https:\/\/staging.classymade.de\/"},{"@type":"ListItem","position":2,"name":"Impressum"}]},{"@type":"WebSite","@id":"https:\/\/staging.classymade.de\/#website","url":"https:\/\/staging.classymade.de\/","name":"ClassyMade GmbH","description":"","publisher":{"@id":"https:\/\/staging.classymade.de\/#organization"},"potentialAction":[{"@type":"SearchAction","target":{"@type":"EntryPoint","urlTemplate":"https:\/\/staging.classymade.de\/?s={search_term_string}"},"query-input":{"@type":"PropertyValueSpecification","valueRequired":true,"valueName":"search_term_string"}}],"inLanguage":"de"},{"@type":"Organization","@id":"https:\/\/staging.classymade.de\/#organization","name":"ClassyMade GmbH","url":"https:\/\/staging.classymade.de\/","logo":{"@type":"ImageObject","inLanguage":"de","@id":"https:\/\/staging.classymade.de\/#\/schema\/logo\/image\/","url":"https:\/\/staging.classymade.de\/wp-content\/uploads\/2026\/01\/classymade_logo_transparent_light.png","contentUrl":"https:\/\/staging.classymade.de\/wp-content\/uploads\/2026\/01\/classymade_logo_transparent_light.png","width":1247,"height":634,"caption":"ClassyMade GmbH"},"image":{"@id":"https:\/\/staging.classymade.de\/#\/schema\/logo\/image\/"}}]}},"_links":{"self":[{"href":"https:\/\/staging.classymade.de\/index.php\/wp-json\/wp\/v2\/pages\/191","targetHints":{"allow":["GET"]}}],"collection":[{"href":"https:\/\/staging.classymade.de\/index.php\/wp-json\/wp\/v2\/pages"}],"about":[{"href":"https:\/\/staging.classymade.de\/index.php\/wp-json\/wp\/v2\/types\/page"}],"author":[{"embeddable":true,"href":"https:\/\/staging.classymade.de\/index.php\/wp-json\/wp\/v2\/users\/2"}],"replies":[{"embeddable":true,"href":"https:\/\/staging.classymade.de\/index.php\/wp-json\/wp\/v2\/comments?post=191"}],"version-history":[{"count":13,"href":"https:\/\/staging.classymade.de\/index.php\/wp-json\/wp\/v2\/pages\/191\/revisions"}],"predecessor-version":[{"id":228,"href":"https:\/\/staging.classymade.de\/index.php\/wp-json\/wp\/v2\/pages\/191\/revisions\/228"}],"wp:attachment":[{"href":"https:\/\/staging.classymade.de\/index.php\/wp-json\/wp\/v2\/media?parent=191"}],"curies":[{"name":"wp","href":"https:\/\/api.w.org\/{rel}","templated":true}]}}